{"id":298,"date":"2019-07-24T08:12:31","date_gmt":"2019-07-24T08:12:31","guid":{"rendered":"https:\/\/orion-aeroventures.com\/?page_id=298"},"modified":"2019-07-24T08:13:03","modified_gmt":"2019-07-24T08:13:03","slug":"gallery-masonry","status":"publish","type":"page","link":"https:\/\/orion-aeroventures.com\/fr\/gallery-masonry\/","title":{"rendered":"Galerie Ma\u00e7onnerie"},"content":{"rendered":"\t\t<div data-elementor-type=\"wp-post\" data-elementor-id=\"298\" class=\"elementor elementor-298\" data-elementor-post-type=\"page\">\n\t\t\t\t\t\t<section class=\"elementor-section elementor-top-section elementor-element elementor-element-61d7b25 elementor-section-boxed elementor-section-height-default elementor-section-height-default sc_fly_static\" data-id=\"61d7b25\" data-element_type=\"section\" data-e-type=\"section\">\n\t\t\t\t\t\t<div class=\"elementor-container elementor-column-gap-extended\">\n\t\t\t\t\t<div class=\"elementor-column elementor-col-100 elementor-top-column elementor-element elementor-element-7c16f05 sc_inner_width_none sc_content_align_inherit sc_layouts_column_icons_position_left sc_fly_static\" data-id=\"7c16f05\" data-element_type=\"column\" data-e-type=\"column\">\n\t\t\t<div class=\"elementor-widget-wrap elementor-element-populated\">\n\t\t\t\t\t\t<div class=\"elementor-element elementor-element-6c805ce sc_fly_static elementor-widget elementor-widget-shortcode\" data-id=\"6c805ce\" data-element_type=\"widget\" data-e-type=\"widget\" data-widget_type=\"shortcode.default\">\n\t\t\t\t<div class=\"elementor-widget-container\">\n\t\t\t\t\t\t\t<div class=\"elementor-shortcode\">[ess_grid alias=\"masonry\"]<\/div>\n\t\t\t\t\t\t<\/div>\n\t\t\t\t<\/div>\n\t\t\t\t\t<\/div>\n\t\t<\/div>\n\t\t\t\t\t<\/div>\n\t\t<\/section>\n\t\t\t\t<\/div>\n\t\t","protected":false},"excerpt":{"rendered":"<p>[ess_grid alias=&#8221;masonry&#8221;]<\/p>\n","protected":false},"author":1,"featured_media":0,"parent":0,"menu_order":0,"comment_status":"closed","ping_status":"closed","template":"","meta":{"_acf_changed":false,"_monsterinsights_skip_tracking":false,"_monsterinsights_sitenote_active":false,"_monsterinsights_sitenote_note":"","_monsterinsights_sitenote_category":0,"footnotes":""},"class_list":["post-298","page","type-page","status-publish","hentry"],"acf":[],"yoast_head":"<!-- This site is optimized with the Yoast SEO plugin v27.5 - https:\/\/yoast.com\/product\/yoast-seo-wordpress\/ -->\n<title>Gallery Masonry - Orion Aeroventures<\/title>\n<meta name=\"robots\" content=\"index, follow, max-snippet:-1, max-image-preview:large, max-video-preview:-1\" \/>\n<link rel=\"canonical\" href=\"https:\/\/orion-aeroventures.com\/fr\/gallery-masonry\/\" \/>\n<meta property=\"og:locale\" content=\"fr_FR\" \/>\n<meta property=\"og:type\" content=\"article\" \/>\n<meta property=\"og:title\" content=\"Gallery Masonry - Orion Aeroventures\" \/>\n<meta property=\"og:description\" content=\"[ess_grid alias=&#8221;masonry&#8221;]\" \/>\n<meta property=\"og:url\" content=\"https:\/\/orion-aeroventures.com\/fr\/gallery-masonry\/\" \/>\n<meta property=\"og:site_name\" content=\"Orion Aeroventures\" \/>\n<meta property=\"article:modified_time\" content=\"2019-07-24T08:13:03+00:00\" \/>\n<meta name=\"twitter:card\" content=\"summary_large_image\" \/>\n<script type=\"application\/ld+json\" class=\"yoast-schema-graph\">{\"@context\":\"https:\\\/\\\/schema.org\",\"@graph\":[{\"@type\":\"WebPage\",\"@id\":\"https:\\\/\\\/orion-aeroventures.com\\\/gallery-masonry\\\/\",\"url\":\"https:\\\/\\\/orion-aeroventures.com\\\/gallery-masonry\\\/\",\"name\":\"Gallery Masonry - Orion Aeroventures\",\"isPartOf\":{\"@id\":\"https:\\\/\\\/orion-aeroventures.com\\\/#website\"},\"datePublished\":\"2019-07-24T08:12:31+00:00\",\"dateModified\":\"2019-07-24T08:13:03+00:00\",\"breadcrumb\":{\"@id\":\"https:\\\/\\\/orion-aeroventures.com\\\/gallery-masonry\\\/#breadcrumb\"},\"inLanguage\":\"fr-FR\",\"potentialAction\":[{\"@type\":\"ReadAction\",\"target\":[\"https:\\\/\\\/orion-aeroventures.com\\\/gallery-masonry\\\/\"]}]},{\"@type\":\"BreadcrumbList\",\"@id\":\"https:\\\/\\\/orion-aeroventures.com\\\/gallery-masonry\\\/#breadcrumb\",\"itemListElement\":[{\"@type\":\"ListItem\",\"position\":1,\"name\":\"Home\",\"item\":\"https:\\\/\\\/orion-aeroventures.com\\\/\"},{\"@type\":\"ListItem\",\"position\":2,\"name\":\"Gallery Masonry\"}]},{\"@type\":\"WebSite\",\"@id\":\"https:\\\/\\\/orion-aeroventures.com\\\/#website\",\"url\":\"https:\\\/\\\/orion-aeroventures.com\\\/\",\"name\":\"Orion Aeroventures\",\"description\":\"General Aviation Pilot coaching\",\"publisher\":{\"@id\":\"https:\\\/\\\/orion-aeroventures.com\\\/#organization\"},\"potentialAction\":[{\"@type\":\"SearchAction\",\"target\":{\"@type\":\"EntryPoint\",\"urlTemplate\":\"https:\\\/\\\/orion-aeroventures.com\\\/?s={search_term_string}\"},\"query-input\":{\"@type\":\"PropertyValueSpecification\",\"valueRequired\":true,\"valueName\":\"search_term_string\"}}],\"inLanguage\":\"fr-FR\"},{\"@type\":\"Organization\",\"@id\":\"https:\\\/\\\/orion-aeroventures.com\\\/#organization\",\"name\":\"Orion Aeroventures\",\"url\":\"https:\\\/\\\/orion-aeroventures.com\\\/\",\"logo\":{\"@type\":\"ImageObject\",\"inLanguage\":\"fr-FR\",\"@id\":\"https:\\\/\\\/orion-aeroventures.com\\\/#\\\/schema\\\/logo\\\/image\\\/\",\"url\":\"https:\\\/\\\/orion-aeroventures.com\\\/wp-content\\\/uploads\\\/2024\\\/04\\\/logo-BK.webp\",\"contentUrl\":\"https:\\\/\\\/orion-aeroventures.com\\\/wp-content\\\/uploads\\\/2024\\\/04\\\/logo-BK.webp\",\"width\":1320,\"height\":409,\"caption\":\"Orion Aeroventures\"},\"image\":{\"@id\":\"https:\\\/\\\/orion-aeroventures.com\\\/#\\\/schema\\\/logo\\\/image\\\/\"}}]}<\/script>\n<!-- \/ Yoast SEO plugin. -->","yoast_head_json":{"title":"Gallery Masonry - Orion Aeroventures","robots":{"index":"index","follow":"follow","max-snippet":"max-snippet:-1","max-image-preview":"max-image-preview:large","max-video-preview":"max-video-preview:-1"},"canonical":"https:\/\/orion-aeroventures.com\/fr\/gallery-masonry\/","og_locale":"fr_FR","og_type":"article","og_title":"Gallery Masonry - Orion Aeroventures","og_description":"[ess_grid alias=&#8221;masonry&#8221;]","og_url":"https:\/\/orion-aeroventures.com\/fr\/gallery-masonry\/","og_site_name":"Orion Aeroventures","article_modified_time":"2019-07-24T08:13:03+00:00","twitter_card":"summary_large_image","schema":{"@context":"https:\/\/schema.org","@graph":[{"@type":"WebPage","@id":"https:\/\/orion-aeroventures.com\/gallery-masonry\/","url":"https:\/\/orion-aeroventures.com\/gallery-masonry\/","name":"Gallery Masonry - Orion Aeroventures","isPartOf":{"@id":"https:\/\/orion-aeroventures.com\/#website"},"datePublished":"2019-07-24T08:12:31+00:00","dateModified":"2019-07-24T08:13:03+00:00","breadcrumb":{"@id":"https:\/\/orion-aeroventures.com\/gallery-masonry\/#breadcrumb"},"inLanguage":"fr-FR","potentialAction":[{"@type":"ReadAction","target":["https:\/\/orion-aeroventures.com\/gallery-masonry\/"]}]},{"@type":"BreadcrumbList","@id":"https:\/\/orion-aeroventures.com\/gallery-masonry\/#breadcrumb","itemListElement":[{"@type":"ListItem","position":1,"name":"Home","item":"https:\/\/orion-aeroventures.com\/"},{"@type":"ListItem","position":2,"name":"Gallery Masonry"}]},{"@type":"WebSite","@id":"https:\/\/orion-aeroventures.com\/#website","url":"https:\/\/orion-aeroventures.com\/","name":"Orion A\u00e9roventures","description":"Coaching de pilote d&#039;aviation g\u00e9n\u00e9rale","publisher":{"@id":"https:\/\/orion-aeroventures.com\/#organization"},"potentialAction":[{"@type":"SearchAction","target":{"@type":"EntryPoint","urlTemplate":"https:\/\/orion-aeroventures.com\/?s={search_term_string}"},"query-input":{"@type":"PropertyValueSpecification","valueRequired":true,"valueName":"search_term_string"}}],"inLanguage":"fr-FR"},{"@type":"Organization","@id":"https:\/\/orion-aeroventures.com\/#organization","name":"Orion A\u00e9roventures","url":"https:\/\/orion-aeroventures.com\/","logo":{"@type":"ImageObject","inLanguage":"fr-FR","@id":"https:\/\/orion-aeroventures.com\/#\/schema\/logo\/image\/","url":"https:\/\/orion-aeroventures.com\/wp-content\/uploads\/2024\/04\/logo-BK.webp","contentUrl":"https:\/\/orion-aeroventures.com\/wp-content\/uploads\/2024\/04\/logo-BK.webp","width":1320,"height":409,"caption":"Orion Aeroventures"},"image":{"@id":"https:\/\/orion-aeroventures.com\/#\/schema\/logo\/image\/"}}]}},"_links":{"self":[{"href":"https:\/\/orion-aeroventures.com\/fr\/wp-json\/wp\/v2\/pages\/298","targetHints":{"allow":["GET"]}}],"collection":[{"href":"https:\/\/orion-aeroventures.com\/fr\/wp-json\/wp\/v2\/pages"}],"about":[{"href":"https:\/\/orion-aeroventures.com\/fr\/wp-json\/wp\/v2\/types\/page"}],"author":[{"embeddable":true,"href":"https:\/\/orion-aeroventures.com\/fr\/wp-json\/wp\/v2\/users\/1"}],"replies":[{"embeddable":true,"href":"https:\/\/orion-aeroventures.com\/fr\/wp-json\/wp\/v2\/comments?post=298"}],"version-history":[{"count":0,"href":"https:\/\/orion-aeroventures.com\/fr\/wp-json\/wp\/v2\/pages\/298\/revisions"}],"wp:attachment":[{"href":"https:\/\/orion-aeroventures.com\/fr\/wp-json\/wp\/v2\/media?parent=298"}],"curies":[{"name":"wp","href":"https:\/\/api.w.org\/{rel}","templated":true}]}}